{"id":1143,"date":"2025-07-18T11:57:03","date_gmt":"2025-07-18T09:57:03","guid":{"rendered":"https:\/\/www.cv-albeitar.com\/?page_id=1143"},"modified":"2025-08-26T10:09:54","modified_gmt":"2025-08-26T08:09:54","slug":"servicios","status":"publish","type":"page","link":"https:\/\/www.cv-albeitar.com\/en\/servicios\/","title":{"rendered":"Services"},"content":{"rendered":"<div data-elementor-type=\"wp-page\" data-elementor-id=\"1143\" class=\"elementor elementor-1143\" data-elementor-post-type=\"page\">\n\t\t\t\t<div class=\"elementor-element elementor-element-262ddc31 e-flex e-con-boxed e-con e-parent\" data-id=\"262ddc31\" data-element_type=\"container\" data-e-type=\"container\" data-settings=\"{&quot;background_background&quot;:&quot;classic&quot;}\">\n\t\t\t\t\t<div class=\"e-con-inner\">\n\t\t<div class=\"elementor-element elementor-element-14cd5564 e-con-full e-flex e-con e-child\" data-id=\"14cd5564\" data-element_type=\"container\" data-e-type=\"container\">\n\t\t\t\t<div class=\"elementor-element elementor-element-5f853378 elementor-widget elementor-widget-heading\" data-id=\"5f853378\" data-element_type=\"widget\" data-e-type=\"widget\" data-widget_type=\"heading.default\">\n\t\t\t\t<div class=\"elementor-widget-container\">\n\t\t\t\t\t<h1 class=\"elementor-heading-title elementor-size-default\">Services<\/h1>\t\t\t\t<\/div>\n\t\t\t\t<\/div>\n\t\t\t\t<\/div>\n\t\t\t\t\t<\/div>\n\t\t\t\t<\/div>\n\t\t<div class=\"elementor-element elementor-element-1d8ba1b4 e-con-full e-flex e-con e-parent\" data-id=\"1d8ba1b4\" data-element_type=\"container\" data-e-type=\"container\">\n\t\t<div class=\"elementor-element elementor-element-72c2dc9f e-con-full e-flex e-con e-child\" data-id=\"72c2dc9f\" data-element_type=\"container\" data-e-type=\"container\">\n\t\t\t\t<\/div>\n\t\t<div class=\"elementor-element elementor-element-10f6ae5b e-con-full e-flex e-con e-child\" data-id=\"10f6ae5b\" data-element_type=\"container\" data-e-type=\"container\">\n\t\t\t\t<div class=\"elementor-element elementor-element-f00b8b elementor-widget elementor-widget-uael-infobox\" data-id=\"f00b8b\" data-element_type=\"widget\" data-e-type=\"widget\" data-widget_type=\"uael-infobox.default\">\n\t\t\t\t<div class=\"elementor-widget-container\">\n\t\t\t\t\t\n<div class=\"uael-module-content uael-infobox  uael-infobox-left  uael-infobox-link-type-none\">\n\t<div class=\"uael-infobox-left-right-wrap\">\n\t\t\t\t\t\t<div class=\"uael-infobox-content\">\n\t\t\t\t\t\t<div class='uael-infobox-title-wrap'><div class=\"uael-infobox-title-prefix elementor-inline-editing\" data-elementor-setting-key=\"infobox_title_prefix\" data-elementor-inline-editing-toolbar=\"basic\" >Our personal seal<\/div><h2 class=\"uael-infobox-title elementor-inline-editing\" data-elementor-setting-key=\"infobox_title\" data-elementor-inline-editing-toolbar=\"basic\" >What sets us apart<\/h2><\/div>\t\t\t\t\t\t\t\t\t<div class=\"uael-infobox-text-wrap\">\n\t\t\t\t<div class=\"uael-infobox-text elementor-inline-editing\" data-elementor-setting-key=\"infobox_description\" data-elementor-inline-editing-toolbar=\"advanced\">\n\t\t\t\t\t\t\t\t\t<\/div>\n\t\t\t\t\t\n\t\t\t\t\t\t\t<\/div>\n\t\t<\/div>\n\t\t\t<\/div>\n<\/div>\n\t\t\t\t<\/div>\n\t\t\t\t<\/div>\n\t\t\t\t<\/div>\n\t\t<div class=\"elementor-element elementor-element-1a734d45 e-con-full e-flex e-con e-child\" data-id=\"1a734d45\" data-element_type=\"container\" data-e-type=\"container\">\n\t\t<div class=\"elementor-element elementor-element-1e933755 e-con-full e-flex e-con e-child\" data-id=\"1e933755\" data-element_type=\"container\" data-e-type=\"container\">\n\t\t<div class=\"elementor-element elementor-element-4fc4d1ce e-con-full e-flex e-con e-child\" data-id=\"4fc4d1ce\" data-element_type=\"container\" data-e-type=\"container\" data-settings=\"{&quot;background_background&quot;:&quot;classic&quot;}\">\n\t\t\t\t<div class=\"elementor-element elementor-element-32ebd9c9 elementor-widget elementor-widget-heading\" data-id=\"32ebd9c9\" data-element_type=\"widget\" data-e-type=\"widget\" data-widget_type=\"heading.default\">\n\t\t\t\t<div class=\"elementor-widget-container\">\n\t\t\t\t\t<h3 class=\"elementor-heading-title elementor-size-default\">Nutrition Service <\/h3>\t\t\t\t<\/div>\n\t\t\t\t<\/div>\n\t\t\t\t<div class=\"elementor-element elementor-element-79497af8 elementor-widget-divider--view-line elementor-widget elementor-widget-divider\" data-id=\"79497af8\" data-element_type=\"widget\" data-e-type=\"widget\" data-widget_type=\"divider.default\">\n\t\t\t\t<div class=\"elementor-widget-container\">\n\t\t\t\t\t\t\t<div class=\"elementor-divider\">\n\t\t\t<span class=\"elementor-divider-separator\">\n\t\t\t\t\t\t<\/span>\n\t\t<\/div>\n\t\t\t\t\t\t<\/div>\n\t\t\t\t<\/div>\n\t\t\t\t<\/div>\n\t\t<div class=\"elementor-element elementor-element-6945f983 e-con-full e-flex e-con e-child\" data-id=\"6945f983\" data-element_type=\"container\" data-e-type=\"container\" data-settings=\"{&quot;background_background&quot;:&quot;classic&quot;}\">\n\t\t\t\t<div class=\"elementor-element elementor-element-32aa6954 elementor-widget elementor-widget-heading\" data-id=\"32aa6954\" data-element_type=\"widget\" data-e-type=\"widget\" data-widget_type=\"heading.default\">\n\t\t\t\t<div class=\"elementor-widget-container\">\n\t\t\t\t\t<h3 class=\"elementor-heading-title elementor-size-default\">Laser service<\/h3>\t\t\t\t<\/div>\n\t\t\t\t<\/div>\n\t\t\t\t<div class=\"elementor-element elementor-element-4976c73c elementor-widget-divider--view-line elementor-widget elementor-widget-divider\" data-id=\"4976c73c\" data-element_type=\"widget\" data-e-type=\"widget\" data-widget_type=\"divider.default\">\n\t\t\t\t<div class=\"elementor-widget-container\">\n\t\t\t\t\t\t\t<div class=\"elementor-divider\">\n\t\t\t<span class=\"elementor-divider-separator\">\n\t\t\t\t\t\t<\/span>\n\t\t<\/div>\n\t\t\t\t\t\t<\/div>\n\t\t\t\t<\/div>\n\t\t\t\t<\/div>\n\t\t<div class=\"elementor-element elementor-element-15c0322d e-con-full e-flex e-con e-child\" data-id=\"15c0322d\" data-element_type=\"container\" data-e-type=\"container\" data-settings=\"{&quot;background_background&quot;:&quot;classic&quot;}\">\n\t\t\t\t<div class=\"elementor-element elementor-element-3394ffa7 elementor-widget elementor-widget-heading\" data-id=\"3394ffa7\" data-element_type=\"widget\" data-e-type=\"widget\" data-widget_type=\"heading.default\">\n\t\t\t\t<div class=\"elementor-widget-container\">\n\t\t\t\t\t<h3 class=\"elementor-heading-title elementor-size-default\">Exclusive cat area<\/h3>\t\t\t\t<\/div>\n\t\t\t\t<\/div>\n\t\t\t\t<div class=\"elementor-element elementor-element-6a6b8c87 elementor-widget-divider--view-line elementor-widget elementor-widget-divider\" data-id=\"6a6b8c87\" data-element_type=\"widget\" data-e-type=\"widget\" data-widget_type=\"divider.default\">\n\t\t\t\t<div class=\"elementor-widget-container\">\n\t\t\t\t\t\t\t<div class=\"elementor-divider\">\n\t\t\t<span class=\"elementor-divider-separator\">\n\t\t\t\t\t\t<\/span>\n\t\t<\/div>\n\t\t\t\t\t\t<\/div>\n\t\t\t\t<\/div>\n\t\t\t\t<\/div>\n\t\t<div class=\"elementor-element elementor-element-224c1ad0 e-con-full e-flex e-con e-child\" data-id=\"224c1ad0\" data-element_type=\"container\" data-e-type=\"container\" data-settings=\"{&quot;background_background&quot;:&quot;classic&quot;}\">\n\t\t\t\t<div class=\"elementor-element elementor-element-6e617828 elementor-widget elementor-widget-heading\" data-id=\"6e617828\" data-element_type=\"widget\" data-e-type=\"widget\" data-widget_type=\"heading.default\">\n\t\t\t\t<div class=\"elementor-widget-container\">\n\t\t\t\t\t<h3 class=\"elementor-heading-title elementor-size-default\">Honey, Honey, Honey<\/h3>\t\t\t\t<\/div>\n\t\t\t\t<\/div>\n\t\t\t\t<div class=\"elementor-element elementor-element-79f5e588 elementor-widget-divider--view-line elementor-widget elementor-widget-divider\" data-id=\"79f5e588\" data-element_type=\"widget\" data-e-type=\"widget\" data-widget_type=\"divider.default\">\n\t\t\t\t<div class=\"elementor-widget-container\">\n\t\t\t\t\t\t\t<div class=\"elementor-divider\">\n\t\t\t<span class=\"elementor-divider-separator\">\n\t\t\t\t\t\t<\/span>\n\t\t<\/div>\n\t\t\t\t\t\t<\/div>\n\t\t\t\t<\/div>\n\t\t\t\t<\/div>\n\t\t\t\t<\/div>\n\t\t\t\t<\/div>\n\t\t\t\t<\/div>\n\t\t<div class=\"elementor-element elementor-element-30389158 e-flex e-con-boxed e-con e-parent\" data-id=\"30389158\" data-element_type=\"container\" data-e-type=\"container\" data-settings=\"{&quot;background_background&quot;:&quot;classic&quot;}\">\n\t\t\t\t\t<div class=\"e-con-inner\">\n\t\t<div class=\"elementor-element elementor-element-2f8217f3 e-con-full e-flex e-con e-child\" data-id=\"2f8217f3\" data-element_type=\"container\" data-e-type=\"container\" data-settings=\"{&quot;background_background&quot;:&quot;classic&quot;}\">\n\t\t\t\t<div class=\"elementor-element elementor-element-a6fd0f0 elementor-widget elementor-widget-spacer\" data-id=\"a6fd0f0\" data-element_type=\"widget\" data-e-type=\"widget\" data-widget_type=\"spacer.default\">\n\t\t\t\t<div class=\"elementor-widget-container\">\n\t\t\t\t\t\t\t<div class=\"elementor-spacer\">\n\t\t\t<div class=\"elementor-spacer-inner\"><\/div>\n\t\t<\/div>\n\t\t\t\t\t\t<\/div>\n\t\t\t\t<\/div>\n\t\t\t\t<\/div>\n\t\t<div class=\"elementor-element elementor-element-3c8b8bb6 e-con-full e-flex e-con e-child\" data-id=\"3c8b8bb6\" data-element_type=\"container\" data-e-type=\"container\">\n\t\t\t\t<div class=\"elementor-element elementor-element-61fa2a1f elementor-widget elementor-widget-uael-infobox\" data-id=\"61fa2a1f\" data-element_type=\"widget\" data-e-type=\"widget\" data-widget_type=\"uael-infobox.default\">\n\t\t\t\t<div class=\"elementor-widget-container\">\n\t\t\t\t\t\n<div class=\"uael-module-content uael-infobox  uael-infobox-left  uael-infobox-link-type-none\">\n\t<div class=\"uael-infobox-left-right-wrap\">\n\t\t\t\t\t\t<div class=\"uael-infobox-content\">\n\t\t\t\t\t\t<div class='uael-infobox-title-wrap'><h3 class=\"uael-infobox-title-prefix elementor-inline-editing\" data-elementor-setting-key=\"infobox_title_prefix\" data-elementor-inline-editing-toolbar=\"basic\" >The real protagonists<\/h3><h2 class=\"uael-infobox-title elementor-inline-editing\" data-elementor-setting-key=\"infobox_title\" data-elementor-inline-editing-toolbar=\"basic\" >Our patients<\/h2><\/div>\t\t\t\t\t\t\t\t\t<div class=\"uael-infobox-text-wrap\">\n\t\t\t\t<div class=\"uael-infobox-text elementor-inline-editing\" data-elementor-setting-key=\"infobox_description\" data-elementor-inline-editing-toolbar=\"advanced\">\n\t\t\t\t\t<p>We strive to maintain <b>the affection<\/b> of those who love us the most, and to achieve that of those who don&#039;t love us as much.<\/p>\n<p>We are located <b>in a park<\/b> We therefore encourage you to come and see us when you are out walking your dogs so that we can pamper them and thus make their relationship with us more positive.<\/p>\n<p>We have a <b>exclusive cat area<\/b>, calmer and away from potential barking. In this area, we use synthetic feline facial pheromones to enhance their experience at the clinic. And when necessary, we sedate them to prevent stress.<\/p>\t\t\t\t<\/div>\n\t\t\t\t\t\n\t\t\t\t\t\t\t<\/div>\n\t\t<\/div>\n\t\t\t<\/div>\n<\/div>\n\t\t\t\t<\/div>\n\t\t\t\t<\/div>\n\t\t\t\t<\/div>\n\t\t\t\t\t<\/div>\n\t\t\t\t<\/div>\n\t\t<div class=\"elementor-element elementor-element-53a422bf e-con-full e-flex e-con e-parent\" data-id=\"53a422bf\" data-element_type=\"container\" data-e-type=\"container\">\n\t\t<div class=\"elementor-element elementor-element-506d0289 e-con-full e-flex e-con e-child\" data-id=\"506d0289\" data-element_type=\"container\" data-e-type=\"container\" data-settings=\"{&quot;background_background&quot;:&quot;classic&quot;}\">\n\t\t\t\t<\/div>\n\t\t<div class=\"elementor-element elementor-element-2e016986 e-con-full e-flex e-con e-child\" data-id=\"2e016986\" data-element_type=\"container\" data-e-type=\"container\" data-settings=\"{&quot;background_background&quot;:&quot;classic&quot;}\">\n\t\t\t\t<\/div>\n\t\t<div class=\"elementor-element elementor-element-6e341685 e-con-full e-flex e-con e-child\" data-id=\"6e341685\" data-element_type=\"container\" data-e-type=\"container\" data-settings=\"{&quot;background_background&quot;:&quot;classic&quot;}\">\n\t\t\t\t<\/div>\n\t\t<div class=\"elementor-element elementor-element-406ad4a9 e-con-full e-flex e-con e-child\" data-id=\"406ad4a9\" data-element_type=\"container\" data-e-type=\"container\" data-settings=\"{&quot;background_background&quot;:&quot;classic&quot;}\">\n\t\t\t\t<\/div>\n\t\t\t\t<\/div>\n\t\t\t\t<\/div>","protected":false},"excerpt":{"rendered":"<p>Servicios Nuestro sello personal Lo que nos diferencia Servicio de nutrici\u00f3n Servicio de laser Zona exclusiva para gatos Cari\u00f1o, Cari\u00f1o, Cari\u00f1o Los verdaderos protagonistas Nuestros pacientes Nos esforzamos por mantener el cari\u00f1o de los que m\u00e1s nos quieren, y por conseguir el de los que no nos quieren tanto. Estamos situados en un parque por [&hellip;]<\/p>\n","protected":false},"author":1,"featured_media":0,"parent":0,"menu_order":3,"comment_status":"closed","ping_status":"closed","template":"","meta":{"site-sidebar-layout":"no-sidebar","site-content-layout":"page-builder","ast-site-content-layout":"full-width-container","site-content-style":"default","site-sidebar-style":"default","ast-global-header-display":"","ast-banner-title-visibility":"","ast-main-header-display":"","ast-hfb-above-header-display":"","ast-hfb-below-header-display":"","ast-hfb-mobile-header-display":"","site-post-title":"disabled","ast-breadcrumbs-content":"","ast-featured-img":"disabled","footer-sml-layout":"","ast-disable-related-posts":"","theme-transparent-header-meta":"default","adv-header-id-meta":"","stick-header-meta":"default","header-above-stick-meta":"","header-main-stick-meta":"","header-below-stick-meta":"","astra-migrate-meta-layouts":"set","ast-page-background-enabled":"default","ast-page-background-meta":{"desktop":{"background-color":"","background-image":"","background-repeat":"repeat","background-position":"center center","background-size":"auto","background-attachment":"scroll","background-type":"","background-media":"","overlay-type":"","overlay-color":"","overlay-opacity":"","overlay-gradient":""},"tablet":{"background-color":"","background-image":"","background-repeat":"repeat","background-position":"center center","background-size":"auto","background-attachment":"scroll","background-type":"","background-media":"","overlay-type":"","overlay-color":"","overlay-opacity":"","overlay-gradient":""},"mobile":{"background-color":"","background-image":"","background-repeat":"repeat","background-position":"center center","background-size":"auto","background-attachment":"scroll","background-type":"","background-media":"","overlay-type":"","overlay-color":"","overlay-opacity":"","overlay-gradient":""}},"ast-content-background-meta":{"desktop":{"background-color":"var(--ast-global-color-5)","background-image":"","background-repeat":"repeat","background-position":"center center","background-size":"auto","background-attachment":"scroll","background-type":"","background-media":"","overlay-type":"","overlay-color":"","overlay-opacity":"","overlay-gradient":""},"tablet":{"background-color":"var(--ast-global-color-5)","background-image":"","background-repeat":"repeat","background-position":"center center","background-size":"auto","background-attachment":"scroll","background-type":"","background-media":"","overlay-type":"","overlay-color":"","overlay-opacity":"","overlay-gradient":""},"mobile":{"background-color":"var(--ast-global-color-5)","background-image":"","background-repeat":"repeat","background-position":"center center","background-size":"auto","background-attachment":"scroll","background-type":"","background-media":"","overlay-type":"","overlay-color":"","overlay-opacity":"","overlay-gradient":""}},"_joinchat":[],"footnotes":""},"class_list":["post-1143","page","type-page","status-publish","hentry"],"yoast_head":"<!-- This site is optimized with the Yoast SEO plugin v27.4 - https:\/\/yoast.com\/product\/yoast-seo-wordpress\/ -->\n<title>Servicios - Cl\u00ednica Veterinaria Alb\u00e9itar-Ibi<\/title>\n<meta name=\"description\" content=\"Ofrecemos medicina general, cirug\u00edas, diagn\u00f3stico avanzado y urgencias para mascotas. Tu cl\u00ednica veterinaria de confianza\" \/>\n<meta name=\"robots\" content=\"index, follow, max-snippet:-1, max-image-preview:large, max-video-preview:-1\" \/>\n<link rel=\"canonical\" href=\"https:\/\/www.cv-albeitar.com\/en\/servicios\/\" \/>\n<meta property=\"og:locale\" content=\"en_US\" \/>\n<meta property=\"og:type\" content=\"article\" \/>\n<meta property=\"og:title\" content=\"Servicios - Cl\u00ednica Veterinaria Alb\u00e9itar-Ibi\" \/>\n<meta property=\"og:description\" content=\"Ofrecemos medicina general, cirug\u00edas, diagn\u00f3stico avanzado y urgencias para mascotas. Tu cl\u00ednica veterinaria de confianza\" \/>\n<meta property=\"og:url\" content=\"https:\/\/www.cv-albeitar.com\/en\/servicios\/\" \/>\n<meta property=\"og:site_name\" content=\"Cl\u00ednica Veterinaria Alb\u00e9itar-Ibi\" \/>\n<meta property=\"article:publisher\" content=\"https:\/\/www.facebook.com\/ClinicaVeterinariaAlbeitarIbi\/\" \/>\n<meta property=\"article:modified_time\" content=\"2025-08-26T08:09:54+00:00\" \/>\n<meta name=\"twitter:card\" content=\"summary_large_image\" \/>\n<script type=\"application\/ld+json\" class=\"yoast-schema-graph\">{\"@context\":\"https:\\\/\\\/schema.org\",\"@graph\":[{\"@type\":\"WebPage\",\"@id\":\"https:\\\/\\\/www.cv-albeitar.com\\\/servicios\\\/\",\"url\":\"https:\\\/\\\/www.cv-albeitar.com\\\/servicios\\\/\",\"name\":\"Servicios - Cl\u00ednica Veterinaria Alb\u00e9itar-Ibi\",\"isPartOf\":{\"@id\":\"https:\\\/\\\/www.cv-albeitar.com\\\/#website\"},\"datePublished\":\"2025-07-18T09:57:03+00:00\",\"dateModified\":\"2025-08-26T08:09:54+00:00\",\"description\":\"Ofrecemos medicina general, cirug\u00edas, diagn\u00f3stico avanzado y urgencias para mascotas. Tu cl\u00ednica veterinaria de confianza\",\"breadcrumb\":{\"@id\":\"https:\\\/\\\/www.cv-albeitar.com\\\/servicios\\\/#breadcrumb\"},\"inLanguage\":\"en-US\",\"potentialAction\":[{\"@type\":\"ReadAction\",\"target\":[\"https:\\\/\\\/www.cv-albeitar.com\\\/servicios\\\/\"]}]},{\"@type\":\"BreadcrumbList\",\"@id\":\"https:\\\/\\\/www.cv-albeitar.com\\\/servicios\\\/#breadcrumb\",\"itemListElement\":[{\"@type\":\"ListItem\",\"position\":1,\"name\":\"Inicio\",\"item\":\"https:\\\/\\\/www.cv-albeitar.com\\\/\"},{\"@type\":\"ListItem\",\"position\":2,\"name\":\"Servicios\"}]},{\"@type\":\"WebSite\",\"@id\":\"https:\\\/\\\/www.cv-albeitar.com\\\/#website\",\"url\":\"https:\\\/\\\/www.cv-albeitar.com\\\/\",\"name\":\"Cl\u00ednica Veterinaria Alb\u00e9itar-Ibi\",\"description\":\"Nos preocupamos y cuidamos de tu mascota casi tanto como t\u00fa\",\"publisher\":{\"@id\":\"https:\\\/\\\/www.cv-albeitar.com\\\/#organization\"},\"potentialAction\":[{\"@type\":\"SearchAction\",\"target\":{\"@type\":\"EntryPoint\",\"urlTemplate\":\"https:\\\/\\\/www.cv-albeitar.com\\\/?s={search_term_string}\"},\"query-input\":{\"@type\":\"PropertyValueSpecification\",\"valueRequired\":true,\"valueName\":\"search_term_string\"}}],\"inLanguage\":\"en-US\"},{\"@type\":\"Organization\",\"@id\":\"https:\\\/\\\/www.cv-albeitar.com\\\/#organization\",\"name\":\"Cl\u00ednica Veterinaria Alb\u00e9itar-Ibi\",\"url\":\"https:\\\/\\\/www.cv-albeitar.com\\\/\",\"logo\":{\"@type\":\"ImageObject\",\"inLanguage\":\"en-US\",\"@id\":\"https:\\\/\\\/www.cv-albeitar.com\\\/#\\\/schema\\\/logo\\\/image\\\/\",\"url\":\"https:\\\/\\\/www.cv-albeitar.com\\\/wp-content\\\/uploads\\\/2025\\\/07\\\/logo-scaled.png\",\"contentUrl\":\"https:\\\/\\\/www.cv-albeitar.com\\\/wp-content\\\/uploads\\\/2025\\\/07\\\/logo-scaled.png\",\"width\":1920,\"height\":1920,\"caption\":\"Cl\u00ednica Veterinaria Alb\u00e9itar-Ibi\"},\"image\":{\"@id\":\"https:\\\/\\\/www.cv-albeitar.com\\\/#\\\/schema\\\/logo\\\/image\\\/\"},\"sameAs\":[\"https:\\\/\\\/www.facebook.com\\\/ClinicaVeterinariaAlbeitarIbi\\\/\",\"https:\\\/\\\/www.instagram.com\\\/clinicaveterinariaalbeitaribi\\\/\"]}]}<\/script>\n<!-- \/ Yoast SEO plugin. -->","yoast_head_json":{"title":"Services - Alb\u00e9itar-Ibi Veterinary Clinic","description":"We offer general medicine, surgery, advanced diagnostics, and pet emergencies. Your trusted veterinary clinic.","robots":{"index":"index","follow":"follow","max-snippet":"max-snippet:-1","max-image-preview":"max-image-preview:large","max-video-preview":"max-video-preview:-1"},"canonical":"https:\/\/www.cv-albeitar.com\/en\/servicios\/","og_locale":"en_US","og_type":"article","og_title":"Servicios - Cl\u00ednica Veterinaria Alb\u00e9itar-Ibi","og_description":"Ofrecemos medicina general, cirug\u00edas, diagn\u00f3stico avanzado y urgencias para mascotas. Tu cl\u00ednica veterinaria de confianza","og_url":"https:\/\/www.cv-albeitar.com\/en\/servicios\/","og_site_name":"Cl\u00ednica Veterinaria Alb\u00e9itar-Ibi","article_publisher":"https:\/\/www.facebook.com\/ClinicaVeterinariaAlbeitarIbi\/","article_modified_time":"2025-08-26T08:09:54+00:00","twitter_card":"summary_large_image","schema":{"@context":"https:\/\/schema.org","@graph":[{"@type":"WebPage","@id":"https:\/\/www.cv-albeitar.com\/servicios\/","url":"https:\/\/www.cv-albeitar.com\/servicios\/","name":"Services - Alb\u00e9itar-Ibi Veterinary Clinic","isPartOf":{"@id":"https:\/\/www.cv-albeitar.com\/#website"},"datePublished":"2025-07-18T09:57:03+00:00","dateModified":"2025-08-26T08:09:54+00:00","description":"We offer general medicine, surgery, advanced diagnostics, and pet emergencies. Your trusted veterinary clinic.","breadcrumb":{"@id":"https:\/\/www.cv-albeitar.com\/servicios\/#breadcrumb"},"inLanguage":"en-US","potentialAction":[{"@type":"ReadAction","target":["https:\/\/www.cv-albeitar.com\/servicios\/"]}]},{"@type":"BreadcrumbList","@id":"https:\/\/www.cv-albeitar.com\/servicios\/#breadcrumb","itemListElement":[{"@type":"ListItem","position":1,"name":"Inicio","item":"https:\/\/www.cv-albeitar.com\/"},{"@type":"ListItem","position":2,"name":"Servicios"}]},{"@type":"WebSite","@id":"https:\/\/www.cv-albeitar.com\/#website","url":"https:\/\/www.cv-albeitar.com\/","name":"Alb\u00e9itar-Ibi Veterinary Clinic","description":"We care for your pet almost as much as you do.","publisher":{"@id":"https:\/\/www.cv-albeitar.com\/#organization"},"potentialAction":[{"@type":"SearchAction","target":{"@type":"EntryPoint","urlTemplate":"https:\/\/www.cv-albeitar.com\/?s={search_term_string}"},"query-input":{"@type":"PropertyValueSpecification","valueRequired":true,"valueName":"search_term_string"}}],"inLanguage":"en-US"},{"@type":"Organization","@id":"https:\/\/www.cv-albeitar.com\/#organization","name":"Alb\u00e9itar-Ibi Veterinary Clinic","url":"https:\/\/www.cv-albeitar.com\/","logo":{"@type":"ImageObject","inLanguage":"en-US","@id":"https:\/\/www.cv-albeitar.com\/#\/schema\/logo\/image\/","url":"https:\/\/www.cv-albeitar.com\/wp-content\/uploads\/2025\/07\/logo-scaled.png","contentUrl":"https:\/\/www.cv-albeitar.com\/wp-content\/uploads\/2025\/07\/logo-scaled.png","width":1920,"height":1920,"caption":"Cl\u00ednica Veterinaria Alb\u00e9itar-Ibi"},"image":{"@id":"https:\/\/www.cv-albeitar.com\/#\/schema\/logo\/image\/"},"sameAs":["https:\/\/www.facebook.com\/ClinicaVeterinariaAlbeitarIbi\/","https:\/\/www.instagram.com\/clinicaveterinariaalbeitaribi\/"]}]}},"_links":{"self":[{"href":"https:\/\/www.cv-albeitar.com\/en\/wp-json\/wp\/v2\/pages\/1143","targetHints":{"allow":["GET"]}}],"collection":[{"href":"https:\/\/www.cv-albeitar.com\/en\/wp-json\/wp\/v2\/pages"}],"about":[{"href":"https:\/\/www.cv-albeitar.com\/en\/wp-json\/wp\/v2\/types\/page"}],"author":[{"embeddable":true,"href":"https:\/\/www.cv-albeitar.com\/en\/wp-json\/wp\/v2\/users\/1"}],"replies":[{"embeddable":true,"href":"https:\/\/www.cv-albeitar.com\/en\/wp-json\/wp\/v2\/comments?post=1143"}],"version-history":[{"count":41,"href":"https:\/\/www.cv-albeitar.com\/en\/wp-json\/wp\/v2\/pages\/1143\/revisions"}],"predecessor-version":[{"id":1509,"href":"https:\/\/www.cv-albeitar.com\/en\/wp-json\/wp\/v2\/pages\/1143\/revisions\/1509"}],"wp:attachment":[{"href":"https:\/\/www.cv-albeitar.com\/en\/wp-json\/wp\/v2\/media?parent=1143"}],"curies":[{"name":"wp","href":"https:\/\/api.w.org\/{rel}","templated":true}]}}